{"id":10354,"date":"2024-12-22T15:09:40","date_gmt":"2024-12-22T15:09:40","guid":{"rendered":"https:\/\/kurtubamak.com\/?page_id=10354"},"modified":"2026-02-11T18:47:05","modified_gmt":"2026-02-11T18:47:05","slug":"sertifikalar","status":"publish","type":"page","link":"https:\/\/kurtubamak.com\/en\/sertifikalar\/","title":{"rendered":"Certificates"},"content":{"rendered":"<div class=\"wpb-content-wrapper\"><p>[vc_row kd_background_image_position=&#8221;vc_row-bg-position-top&#8221;][vc_column width=&#8221;1\/6&#8243;][vc_single_image image=&#8221;10357&#8243; img_size=&#8221;full&#8221; onclick=&#8221;custom_link&#8221; css=&#8221;&#8221; link=&#8221;https:\/\/kurtubamak.com\/wp-content\/uploads\/2024\/12\/EN14595-0.35mBar-Pv-Ventil.pdf&#8221;][vc_custom_heading text=&#8221;EN14595 (Max 35kPA Pv Ventil)&#8221; font_container=&#8221;tag:h4|text_align:left&#8221; google_fonts=&#8221;font_family:Lato%3A100%2C100italic%2C300%2C300italic%2Cregular%2Citalic%2C700%2C700italic%2C900%2C900italic|font_style:400%20regular%3A400%3Anormal&#8221; css=&#8221;&#8221; link=&#8221;url:https%3A%2F%2Fkurtubamak.com%2Fwp-content%2Fuploads%2F2024%2F12%2FEN14595-0.35mBar-Pv-Ventil.pdf&#8221;][\/vc_column][vc_column width=&#8221;1\/6&#8243;][vc_single_image image=&#8221;10357&#8243; img_size=&#8221;full&#8221; onclick=&#8221;custom_link&#8221; css=&#8221;&#8221; link=&#8221;https:\/\/kurtubamak.com\/wp-content\/uploads\/2024\/12\/EN13081-DN100-Dolap-Ici-Adaptor.pdf&#8221;][vc_custom_heading text=&#8221;EN13081 (DN100 Dolap \u0130\u00e7i Adapt\u00f6r)&#8221; font_container=&#8221;tag:h4|text_align:left&#8221; google_fonts=&#8221;font_family:Lato%3A100%2C100italic%2C300%2C300italic%2Cregular%2Citalic%2C700%2C700italic%2C900%2C900italic|font_style:400%20regular%3A400%3Anormal&#8221; css=&#8221;&#8221; link=&#8221;url:https%3A%2F%2Fkurtubamak.com%2Fwp-content%2Fuploads%2F2024%2F12%2FEN13081-DN100-Dolap-Ici-Adaptor.pdf&#8221;][\/vc_column][vc_column width=&#8221;1\/6&#8243;][vc_single_image image=&#8221;10357&#8243; img_size=&#8221;full&#8221; onclick=&#8221;custom_link&#8221; css=&#8221;&#8221; link=&#8221;https:\/\/kurtubamak.com\/wp-content\/uploads\/2024\/12\/EN14432-DN100-Pirinc-Asfalt-Vanasi.pdf&#8221;][vc_custom_heading text=&#8221;EN14432 (DN100 Pirin\u00e7 Asfalt Vanas\u0131)&#8221; font_container=&#8221;tag:h4|text_align:left&#8221; google_fonts=&#8221;font_family:Lato%3A100%2C100italic%2C300%2C300italic%2Cregular%2Citalic%2C700%2C700italic%2C900%2C900italic|font_style:400%20regular%3A400%3Anormal&#8221; css=&#8221;&#8221; link=&#8221;url:https%3A%2F%2Fkurtubamak.com%2Fwp-content%2Fuploads%2F2024%2F12%2FEN14432-DN100-Pirinc-Asfalt-Vanasi.pdf&#8221;][\/vc_column][vc_column width=&#8221;1\/6&#8243;][vc_single_image image=&#8221;10357&#8243; img_size=&#8221;full&#8221; onclick=&#8221;custom_link&#8221; css=&#8221;&#8221; link=&#8221;https:\/\/kurtubamak.com\/wp-content\/uploads\/2024\/12\/EN14432-DN50-65-80-100-Kuresel-Vana.pdf&#8221;][vc_custom_heading text=&#8221;EN14432 (DN50-65-80-100 K\u00fcresel Vana)&#8221; font_container=&#8221;tag:h4|text_align:left&#8221; google_fonts=&#8221;font_family:Lato%3A100%2C100italic%2C300%2C300italic%2Cregular%2Citalic%2C700%2C700italic%2C900%2C900italic|font_style:400%20regular%3A400%3Anormal&#8221; css=&#8221;&#8221; link=&#8221;url:https%3A%2F%2Fkurtubamak.com%2Fwp-content%2Fuploads%2F2024%2F12%2FEN14432-DN50-65-80-100-Kuresel-Vana.pdf&#8221;][\/vc_column][vc_column width=&#8221;1\/6&#8243;][vc_single_image image=&#8221;10357&#8243; img_size=&#8221;full&#8221; onclick=&#8221;custom_link&#8221; css=&#8221;&#8221; link=&#8221;https:\/\/kurtubamak.com\/wp-content\/uploads\/2024\/12\/EN13317-DN500-Menhol-Kapak.pdf&#8221;][vc_custom_heading text=&#8221;EN13317 (DN500 Menhol Kapak)&#8221; font_container=&#8221;tag:h4|text_align:left&#8221; google_fonts=&#8221;font_family:Lato%3A100%2C100italic%2C300%2C300italic%2Cregular%2Citalic%2C700%2C700italic%2C900%2C900italic|font_style:400%20regular%3A400%3Anormal&#8221; css=&#8221;&#8221; link=&#8221;url:https%3A%2F%2Fkurtubamak.com%2Fwp-content%2Fuploads%2F2024%2F12%2FEN13317-DN500-Menhol-Kapak.pdf&#8221;][\/vc_column][vc_column width=&#8221;1\/6&#8243;][vc_single_image image=&#8221;10357&#8243; img_size=&#8221;full&#8221; onclick=&#8221;custom_link&#8221; css=&#8221;&#8221; link=&#8221;https:\/\/kurtubamak.com\/wp-content\/uploads\/2024\/12\/EN13314-DN250-Aluminyum-Kapak.pdf&#8221;][vc_custom_heading text=&#8221;EN13314 (DN250 Al\u00fcminyum Kapak)&#8221; font_container=&#8221;tag:h4|text_align:left&#8221; google_fonts=&#8221;font_family:Lato%3A100%2C100italic%2C300%2C300italic%2Cregular%2Citalic%2C700%2C700italic%2C900%2C900italic|font_style:400%20regular%3A400%3Anormal&#8221; css=&#8221;&#8221; link=&#8221;url:https%3A%2F%2Fkurtubamak.com%2Fwp-content%2Fuploads%2F2024%2F12%2FEN13314-DN250-Aluminyum-Kapak.pdf&#8221;][\/vc_column][\/vc_row][vc_row kd_background_image_position=&#8221;vc_row-bg-position-top&#8221;][vc_column width=&#8221;1\/6&#8243;][vc_single_image image=&#8221;10357&#8243; img_size=&#8221;full&#8221; onclick=&#8221;custom_link&#8221; css=&#8221;&#8221; link=&#8221;https:\/\/kurtubamak.com\/wp-content\/uploads\/2024\/12\/EN13308-DN80-100-Pnomatik-Taban-Valfi.pdf&#8221;][vc_custom_heading text=&#8221;EN13308 (DN80-100 Pn\u00f6matik Taban Valfi)&#8221; font_container=&#8221;tag:h4|text_align:left&#8221; google_fonts=&#8221;font_family:Lato%3A100%2C100italic%2C300%2C300italic%2Cregular%2Citalic%2C700%2C700italic%2C900%2C900italic|font_style:400%20regular%3A400%3Anormal&#8221; css=&#8221;&#8221; link=&#8221;url:https%3A%2F%2Fkurtubamak.com%2Fwp-content%2Fuploads%2F2024%2F12%2FEN13308-DN80-100-Pnomatik-Taban-Valfi.pdf&#8221;][\/vc_column][vc_column width=&#8221;1\/6&#8243;][vc_single_image image=&#8221;10357&#8243; img_size=&#8221;full&#8221; onclick=&#8221;custom_link&#8221; css=&#8221;&#8221; link=&#8221;https:\/\/kurtubamak.com\/wp-content\/uploads\/2024\/12\/EN13083-DN100-Alt-Dolum-Vanasi-API.pdf&#8221;][vc_custom_heading text=&#8221;EN13083 (DN100 Alt Dolum Vanas\u0131-API)&#8221; font_container=&#8221;tag:h4|text_align:left&#8221; google_fonts=&#8221;font_family:Lato%3A100%2C100italic%2C300%2C300italic%2Cregular%2Citalic%2C700%2C700italic%2C900%2C900italic|font_style:400%20regular%3A400%3Anormal&#8221; css=&#8221;&#8221; link=&#8221;url:https%3A%2F%2Fkurtubamak.com%2Fwp-content%2Fuploads%2F2024%2F12%2FEN13083-DN100-Alt-Dolum-Vanasi-API.pdf&#8221;][\/vc_column][vc_column width=&#8221;1\/6&#8243;][vc_single_image image=&#8221;10357&#8243; img_size=&#8221;full&#8221; onclick=&#8221;custom_link&#8221; css=&#8221;&#8221; link=&#8221;https:\/\/kurtubamak.com\/wp-content\/uploads\/2024\/12\/EN13082-DN80-Ters-Buhar-Valfi.pdf&#8221;][vc_custom_heading text=&#8221;EN13082 (DN80 Ters Buhar Valfi)&#8221; font_container=&#8221;tag:h4|text_align:left&#8221; google_fonts=&#8221;font_family:Lato%3A100%2C100italic%2C300%2C300italic%2Cregular%2Citalic%2C700%2C700italic%2C900%2C900italic|font_style:400%20regular%3A400%3Anormal&#8221; css=&#8221;&#8221; link=&#8221;url:https%3A%2F%2Fkurtubamak.com%2Fwp-content%2Fuploads%2F2024%2F12%2FEN13082-DN80-Ters-Buhar-Valfi.pdf&#8221;][\/vc_column][vc_column width=&#8221;1\/6&#8243;][vc_single_image image=&#8221;10357&#8243; img_size=&#8221;full&#8221; onclick=&#8221;custom_link&#8221; css=&#8221;&#8221; link=&#8221;https:\/\/kurtubamak.com\/wp-content\/uploads\/2024\/12\/EN13082-DN80-Buhar-Valfi.pdf&#8221;][vc_custom_heading text=&#8221;EN13082 (DN80 Buhar Valfi)&#8221; font_container=&#8221;tag:h4|text_align:left&#8221; google_fonts=&#8221;font_family:Lato%3A100%2C100italic%2C300%2C300italic%2Cregular%2Citalic%2C700%2C700italic%2C900%2C900italic|font_style:400%20regular%3A400%3Anormal&#8221; css=&#8221;&#8221; link=&#8221;url:https%3A%2F%2Fkurtubamak.com%2Fwp-content%2Fuploads%2F2024%2F12%2FEN13082-DN80-Buhar-Valfi.pdf&#8221;][\/vc_column][vc_column width=&#8221;1\/6&#8243;][\/vc_column][vc_column width=&#8221;1\/6&#8243;][\/vc_column][\/vc_row]<\/p>\n<\/div>","protected":false},"excerpt":{"rendered":"<p>[vc_row kd_background_image_position=&#8221;vc_row-bg-position-top&#8221;][vc_column width=&#8221;1\/6&#8243;][vc_single_image image=&#8221;10357&#8243; img_size=&#8221;full&#8221; onclick=&#8221;custom_link&#8221; css=&#8221;&#8221; link=&#8221;https:\/\/kurtubamak.com\/wp-content\/uploads\/2024\/12\/EN14595-0.35mBar-Pv-Ventil.pdf&#8221;][vc_custom_heading text=&#8221;EN14595 (Max 35kPA Pv Ventil)&#8221; font_container=&#8221;tag:h4|text_align:left&#8221; google_fonts=&#8221;font_family:Lato%3A100%2C100italic%2C300%2C300italic%2Cregular%2Citalic%2C700%2C700italic%2C900%2C900italic|font_style:400%20regular%3A400%3Anormal&#8221; css=&#8221;&#8221; link=&#8221;url:https%3A%2F%2Fkurtubamak.com%2Fwp-content%2Fuploads%2F2024%2F12%2FEN14595-0.35mBar-Pv-Ventil.pdf&#8221;][\/vc_column][vc_column width=&#8221;1\/6&#8243;][vc_single_image image=&#8221;10357&#8243; img_size=&#8221;full&#8221; [&hellip;]<\/p>\n","protected":false},"author":1,"featured_media":0,"parent":0,"menu_order":0,"comment_status":"closed","ping_status":"closed","template":"","meta":{"footnotes":""},"class_list":["post-10354","page","type-page","status-publish","hentry"],"aioseo_notices":[],"_links":{"self":[{"href":"https:\/\/kurtubamak.com\/en\/wp-json\/wp\/v2\/pages\/10354","targetHints":{"allow":["GET"]}}],"collection":[{"href":"https:\/\/kurtubamak.com\/en\/wp-json\/wp\/v2\/pages"}],"about":[{"href":"https:\/\/kurtubamak.com\/en\/wp-json\/wp\/v2\/types\/page"}],"author":[{"embeddable":true,"href":"https:\/\/kurtubamak.com\/en\/wp-json\/wp\/v2\/users\/1"}],"replies":[{"embeddable":true,"href":"https:\/\/kurtubamak.com\/en\/wp-json\/wp\/v2\/comments?post=10354"}],"version-history":[{"count":16,"href":"https:\/\/kurtubamak.com\/en\/wp-json\/wp\/v2\/pages\/10354\/revisions"}],"predecessor-version":[{"id":10423,"href":"https:\/\/kurtubamak.com\/en\/wp-json\/wp\/v2\/pages\/10354\/revisions\/10423"}],"wp:attachment":[{"href":"https:\/\/kurtubamak.com\/en\/wp-json\/wp\/v2\/media?parent=10354"}],"curies":[{"name":"wp","href":"https:\/\/api.w.org\/{rel}","templated":true}]}}